{"id":14,"date":"2021-11-21T15:14:19","date_gmt":"2021-11-21T15:14:19","guid":{"rendered":"https:\/\/gelysa.com.co\/index.php\/about\/"},"modified":"2023-11-28T22:28:55","modified_gmt":"2023-11-29T03:28:55","slug":"gelysa-palma","status":"publish","type":"page","link":"https:\/\/www.gelysa.com.co\/index.php\/gelysa-palma\/","title":{"rendered":"Acerca"},"content":{"rendered":"\t\t<div data-elementor-type=\"wp-page\" data-elementor-id=\"14\" class=\"elementor elementor-14\">\n\t\t\t\t\t\t\t\t\t<section class=\"elementor-section elementor-top-section elementor-element elementor-element-3447f83 elementor-section-height-min-height elementor-section-boxed elementor-section-height-default elementor-section-items-middle\" data-id=\"3447f83\" data-element_type=\"section\" data-settings=\"{&quot;background_background&quot;:&quot;classic&quot;}\">\n\t\t\t\t\t\t\t<div class=\"elementor-background-overlay\"><\/div>\n\t\t\t\t\t\t\t<div class=\"elementor-container elementor-column-gap-default\">\n\t\t\t\t\t<div class=\"elementor-column elementor-col-100 elementor-top-column elementor-element elementor-element-b3a35f8\" data-id=\"b3a35f8\" data-element_type=\"column\">\n\t\t\t<div class=\"elementor-widget-wrap elementor-element-populated\">\n\t\t\t\t\t\t\t\t<div class=\"elementor-element elementor-element-32eb271 elementor-widget elementor-widget-heading\" data-id=\"32eb271\" data-element_type=\"widget\" data-widget_type=\"heading.default\">\n\t\t\t\t<div class=\"elementor-widget-container\">\n\t\t\t<style>\/*! elementor - v3.18.0 - 08-12-2023 *\/\n.elementor-heading-title{padding:0;margin:0;line-height:1}.elementor-widget-heading .elementor-heading-title[class*=elementor-size-]>a{color:inherit;font-size:inherit;line-height:inherit}.elementor-widget-heading .elementor-heading-title.elementor-size-small{font-size:15px}.elementor-widget-heading .elementor-heading-title.elementor-size-medium{font-size:19px}.elementor-widget-heading .elementor-heading-title.elementor-size-large{font-size:29px}.elementor-widget-heading .elementor-heading-title.elementor-size-xl{font-size:39px}.elementor-widget-heading .elementor-heading-title.elementor-size-xxl{font-size:59px}<\/style><h1 class=\"elementor-heading-title elementor-size-default\">\u00bfQui\u00e9nes somos?<\/h1>\t\t<\/div>\n\t\t\t\t<\/div>\n\t\t\t\t\t<\/div>\n\t\t<\/div>\n\t\t\t\t\t\t\t<\/div>\n\t\t<\/section>\n\t\t\t\t<section class=\"elementor-section elementor-top-section elementor-element elementor-element-460970c elementor-section-boxed elementor-section-height-default elementor-section-height-default\" data-id=\"460970c\" data-element_type=\"section\">\n\t\t\t\t\t\t<div class=\"elementor-container elementor-column-gap-wide\">\n\t\t\t\t\t<div class=\"elementor-column elementor-col-50 elementor-top-column elementor-element elementor-element-21f68a6\" data-id=\"21f68a6\" data-element_type=\"column\">\n\t\t\t<div class=\"elementor-widget-wrap elementor-element-populated\">\n\t\t\t\t\t\t\t\t<div class=\"elementor-element elementor-element-670e6d2 elementor-widget elementor-widget-image\" data-id=\"670e6d2\" data-element_type=\"widget\" data-widget_type=\"image.default\">\n\t\t\t\t<div class=\"elementor-widget-container\">\n\t\t\t<style>\/*! elementor - v3.18.0 - 08-12-2023 *\/\n.elementor-widget-image{text-align:center}.elementor-widget-image a{display:inline-block}.elementor-widget-image a img[src$=\".svg\"]{width:48px}.elementor-widget-image img{vertical-align:middle;display:inline-block}<\/style>\t\t\t\t\t\t\t\t\t\t\t\t<img fetchpriority=\"high\" decoding=\"async\" width=\"1024\" height=\"768\" src=\"https:\/\/www.gelysa.com.co\/wp-content\/uploads\/2023\/11\/casco-palma.jpg\" class=\"attachment-large size-large wp-image-1959\" alt=\"gelysa ingenier\u00eda\" srcset=\"https:\/\/www.gelysa.com.co\/wp-content\/uploads\/2023\/11\/casco-palma.jpg 1024w, https:\/\/www.gelysa.com.co\/wp-content\/uploads\/2023\/11\/casco-palma-300x225.jpg 300w, https:\/\/www.gelysa.com.co\/wp-content\/uploads\/2023\/11\/casco-palma-768x576.jpg 768w\" sizes=\"(max-width: 1024px) 100vw, 1024px\" \/>\t\t\t\t\t\t\t\t\t\t\t\t\t\t\t<\/div>\n\t\t\t\t<\/div>\n\t\t\t\t\t<\/div>\n\t\t<\/div>\n\t\t\t\t<div class=\"elementor-column elementor-col-50 elementor-top-column elementor-element elementor-element-bc42c60\" data-id=\"bc42c60\" data-element_type=\"column\">\n\t\t\t<div class=\"elementor-widget-wrap elementor-element-populated\">\n\t\t\t\t\t\t\t\t<div class=\"elementor-element elementor-element-0073403 elementor-widget elementor-widget-heading\" data-id=\"0073403\" data-element_type=\"widget\" data-widget_type=\"heading.default\">\n\t\t\t\t<div class=\"elementor-widget-container\">\n\t\t\t<h2 class=\"elementor-heading-title elementor-size-default\">Nuestra Misi\u00f3n<\/h2>\t\t<\/div>\n\t\t\t\t<\/div>\n\t\t\t\t<div class=\"elementor-element elementor-element-60241e2 elementor-widget elementor-widget-text-editor\" data-id=\"60241e2\" data-element_type=\"widget\" data-widget_type=\"text-editor.default\">\n\t\t\t\t<div class=\"elementor-widget-container\">\n\t\t\t<style>\/*! elementor - v3.18.0 - 08-12-2023 *\/\n.elementor-widget-text-editor.elementor-drop-cap-view-stacked .elementor-drop-cap{background-color:#69727d;color:#fff}.elementor-widget-text-editor.elementor-drop-cap-view-framed .elementor-drop-cap{color:#69727d;border:3px solid;background-color:transparent}.elementor-widget-text-editor:not(.elementor-drop-cap-view-default) .elementor-drop-cap{margin-top:8px}.elementor-widget-text-editor:not(.elementor-drop-cap-view-default) .elementor-drop-cap-letter{width:1em;height:1em}.elementor-widget-text-editor .elementor-drop-cap{float:left;text-align:center;line-height:1;font-size:50px}.elementor-widget-text-editor .elementor-drop-cap-letter{display:inline-block}<\/style>\t\t\t\t<p>En GELYSA nuestra misi\u00f3n es brindar soluciones de ingenier\u00eda\u00a0 en los sectores de aceite de palma africana, metalmec\u00e1nico y proyectos, comprometidos con la eficiencia operativa, la sostenibilidad y la excelencia.<\/p>\t\t\t\t\t\t<\/div>\n\t\t\t\t<\/div>\n\t\t\t\t\t<\/div>\n\t\t<\/div>\n\t\t\t\t\t\t\t<\/div>\n\t\t<\/section>\n\t\t\t\t<section class=\"elementor-section elementor-top-section elementor-element elementor-element-cde0efe elementor-section-content-middle elementor-section-boxed elementor-section-height-default elementor-section-height-default\" data-id=\"cde0efe\" data-element_type=\"section\" data-settings=\"{&quot;background_background&quot;:&quot;classic&quot;}\">\n\t\t\t\t\t\t\t<div class=\"elementor-background-overlay\"><\/div>\n\t\t\t\t\t\t\t<div class=\"elementor-container elementor-column-gap-default\">\n\t\t\t\t\t<div class=\"elementor-column elementor-col-100 elementor-top-column elementor-element elementor-element-8f2eeb9\" data-id=\"8f2eeb9\" data-element_type=\"column\">\n\t\t\t<div class=\"elementor-widget-wrap elementor-element-populated\">\n\t\t\t\t\t\t\t\t<div class=\"elementor-element elementor-element-322bb4e elementor-widget elementor-widget-heading\" data-id=\"322bb4e\" data-element_type=\"widget\" data-widget_type=\"heading.default\">\n\t\t\t\t<div class=\"elementor-widget-container\">\n\t\t\t<h2 class=\"elementor-heading-title elementor-size-default\">\u00bfTIENES ALGUNA PREGUNTA?<\/h2>\t\t<\/div>\n\t\t\t\t<\/div>\n\t\t\t\t<div class=\"elementor-element elementor-element-63eaa9b elementor-widget elementor-widget-text-editor\" data-id=\"63eaa9b\" data-element_type=\"widget\" data-widget_type=\"text-editor.default\">\n\t\t\t\t<div class=\"elementor-widget-container\">\n\t\t\t\t\t\t\t<p>Siempre estamos abiertos a hablar sobre tus nuevos proyectos, oportunidades creativas. \u00bfC\u00f3mo podemos ayudarte?<\/p>\t\t\t\t\t\t<\/div>\n\t\t\t\t<\/div>\n\t\t\t\t<div class=\"elementor-element elementor-element-5cc4301 elementor-align-center elementor-widget elementor-widget-button\" data-id=\"5cc4301\" data-element_type=\"widget\" data-widget_type=\"button.default\">\n\t\t\t\t<div class=\"elementor-widget-container\">\n\t\t\t\t\t<div class=\"elementor-button-wrapper\">\n\t\t\t<a class=\"elementor-button elementor-button-link elementor-size-sm\" href=\"https:\/\/gelysa.com.co\/index.php\/contacto\/\">\n\t\t\t\t\t\t<span class=\"elementor-button-content-wrapper\">\n\t\t\t\t\t\t<span class=\"elementor-button-text\">Cont\u00e1ctanos<\/span>\n\t\t<\/span>\n\t\t\t\t\t<\/a>\n\t\t<\/div>\n\t\t\t\t<\/div>\n\t\t\t\t<\/div>\n\t\t\t\t\t<\/div>\n\t\t<\/div>\n\t\t\t\t\t\t\t<\/div>\n\t\t<\/section>\n\t\t\t\t\t\t\t<\/div>\n\t\t","protected":false},"excerpt":{"rendered":"<p>\u00bfQui\u00e9nes somos? Nuestra Misi\u00f3n En GELYSA nuestra misi\u00f3n es brindar soluciones de ingenier\u00eda\u00a0 en los sectores de aceite de palma africana, metalmec\u00e1nico y proyectos, comprometidos con la eficiencia operativa, la sostenibilidad y la excelencia. \u00bfTIENES ALGUNA PREGUNTA? Siempre estamos abiertos a hablar sobre tus nuevos proyectos, oportunidades creativas. \u00bfC\u00f3mo podemos ayudarte? Cont\u00e1ctanos<\/p>\n","protected":false},"author":1,"featured_media":0,"parent":0,"menu_order":0,"comment_status":"closed","ping_status":"closed","template":"","meta":{"site-sidebar-layout":"no-sidebar","site-content-layout":"page-builder","ast-site-content-layout":"full-width-container","site-content-style":"unboxed","site-sidebar-style":"unboxed","ast-global-header-display":"","ast-banner-title-visibility":"","ast-main-header-display":"","ast-hfb-above-header-display":"","ast-hfb-below-header-display":"","ast-hfb-mobile-header-display":"","site-post-title":"disabled","ast-breadcrumbs-content":"","ast-featured-img":"disabled","footer-sml-layout":"","theme-transparent-header-meta":"enabled","adv-header-id-meta":"","stick-header-meta":"","header-above-stick-meta":"","header-main-stick-meta":"","header-below-stick-meta":"","astra-migrate-meta-layouts":"set","ast-page-background-enabled":"default","ast-page-background-meta":{"desktop":{"background-color":"var(--ast-global-color-4)","background-image":"","background-repeat":"repeat","background-position":"center center","background-size":"auto","background-attachment":"scroll","background-type":"","background-media":"","overlay-type":"","overlay-color":"","overlay-gradient":""},"tablet":{"background-color":"","background-image":"","background-repeat":"repeat","background-position":"center center","background-size":"auto","background-attachment":"scroll","background-type":"","background-media":"","overlay-type":"","overlay-color":"","overlay-gradient":""},"mobile":{"background-color":"","background-image":"","background-repeat":"repeat","background-position":"center center","background-size":"auto","background-attachment":"scroll","background-type":"","background-media":"","overlay-type":"","overlay-color":"","overlay-gradient":""}},"ast-content-background-meta":{"desktop":{"background-color":"var(--ast-global-color-5)","background-image":"","background-repeat":"repeat","background-position":"center center","background-size":"auto","background-attachment":"scroll","background-type":"","background-media":"","overlay-type":"","overlay-color":"","overlay-gradient":""},"tablet":{"background-color":"var(--ast-global-color-5)","background-image":"","background-repeat":"repeat","background-position":"center center","background-size":"auto","background-attachment":"scroll","background-type":"","background-media":"","overlay-type":"","overlay-color":"","overlay-gradient":""},"mobile":{"background-color":"var(--ast-global-color-5)","background-image":"","background-repeat":"repeat","background-position":"center center","background-size":"auto","background-attachment":"scroll","background-type":"","background-media":"","overlay-type":"","overlay-color":"","overlay-gradient":""}},"footnotes":""},"yoast_head":"<!-- This site is optimized with the Yoast SEO plugin v21.7 - https:\/\/yoast.com\/wordpress\/plugins\/seo\/ -->\n<title>Gelysa Ingenier\u00eda &#8211; Acerca de Nosotros<\/title>\n<meta name=\"description\" content=\"Gelysa l\u00edder en ingenier\u00eda para Palma Africana, Metalmec\u00e1nica y Proyectos. Especializados en Estudios, Dise\u00f1o y Transformaci\u00f3n Digital.\" \/>\n<meta name=\"robots\" content=\"index, follow, max-snippet:-1, max-image-preview:large, max-video-preview:-1\" \/>\n<link rel=\"canonical\" href=\"https:\/\/www.gelysa.com.co\/index.php\/gelysa-palma\/\" \/>\n<meta property=\"og:locale\" content=\"es_ES\" \/>\n<meta property=\"og:type\" content=\"article\" \/>\n<meta property=\"og:title\" content=\"Gelysa Ingenier\u00eda &#8211; Acerca de Nosotros\" \/>\n<meta property=\"og:description\" content=\"Gelysa l\u00edder en ingenier\u00eda para Palma Africana, Metalmec\u00e1nica y Proyectos. Especializados en Estudios, Dise\u00f1o y Transformaci\u00f3n Digital.\" \/>\n<meta property=\"og:url\" content=\"https:\/\/www.gelysa.com.co\/index.php\/gelysa-palma\/\" \/>\n<meta property=\"og:site_name\" content=\"Gelysa Ingenier\u00eda\" \/>\n<meta property=\"article:modified_time\" content=\"2023-11-29T03:28:55+00:00\" \/>\n<meta property=\"og:image\" content=\"https:\/\/www.gelysa.com.co\/wp-content\/uploads\/2023\/11\/casco-palma.jpg\" \/>\n<meta name=\"twitter:card\" content=\"summary_large_image\" \/>\n<meta name=\"twitter:label1\" content=\"Tiempo estimado de lectura\" \/>\n\t<meta name=\"twitter:data1\" content=\"1 minuto\" \/>\n<script type=\"application\/ld+json\" class=\"yoast-schema-graph\">{\"@context\":\"https:\/\/schema.org\",\"@graph\":[{\"@type\":\"WebPage\",\"@id\":\"https:\/\/www.gelysa.com.co\/index.php\/gelysa-palma\/\",\"url\":\"https:\/\/www.gelysa.com.co\/index.php\/gelysa-palma\/\",\"name\":\"Gelysa Ingenier\u00eda &#8211; Acerca de Nosotros\",\"isPartOf\":{\"@id\":\"https:\/\/www.gelysa.com.co\/#website\"},\"datePublished\":\"2021-11-21T15:14:19+00:00\",\"dateModified\":\"2023-11-29T03:28:55+00:00\",\"description\":\"Gelysa l\u00edder en ingenier\u00eda para Palma Africana, Metalmec\u00e1nica y Proyectos. Especializados en Estudios, Dise\u00f1o y Transformaci\u00f3n Digital.\",\"breadcrumb\":{\"@id\":\"https:\/\/www.gelysa.com.co\/index.php\/gelysa-palma\/#breadcrumb\"},\"inLanguage\":\"es-CO\",\"potentialAction\":[{\"@type\":\"ReadAction\",\"target\":[\"https:\/\/www.gelysa.com.co\/index.php\/gelysa-palma\/\"]}]},{\"@type\":\"BreadcrumbList\",\"@id\":\"https:\/\/www.gelysa.com.co\/index.php\/gelysa-palma\/#breadcrumb\",\"itemListElement\":[{\"@type\":\"ListItem\",\"position\":1,\"name\":\"Inicio\",\"item\":\"https:\/\/www.gelysa.com.co\/\"},{\"@type\":\"ListItem\",\"position\":2,\"name\":\"Acerca\"}]},{\"@type\":\"WebSite\",\"@id\":\"https:\/\/www.gelysa.com.co\/#website\",\"url\":\"https:\/\/www.gelysa.com.co\/\",\"name\":\"Gelysa Ingenier\u00eda\",\"description\":\"Consultor\u00eda en Aceite de Palma Africana, Metalmec\u00e1nica y Proyectos\",\"publisher\":{\"@id\":\"https:\/\/www.gelysa.com.co\/#organization\"},\"potentialAction\":[{\"@type\":\"SearchAction\",\"target\":{\"@type\":\"EntryPoint\",\"urlTemplate\":\"https:\/\/www.gelysa.com.co\/?s={search_term_string}\"},\"query-input\":\"required name=search_term_string\"}],\"inLanguage\":\"es-CO\"},{\"@type\":\"Organization\",\"@id\":\"https:\/\/www.gelysa.com.co\/#organization\",\"name\":\"Gelysa Ingenier\u00eda\",\"url\":\"https:\/\/www.gelysa.com.co\/\",\"logo\":{\"@type\":\"ImageObject\",\"inLanguage\":\"es-CO\",\"@id\":\"https:\/\/www.gelysa.com.co\/#\/schema\/logo\/image\/\",\"url\":\"https:\/\/www.gelysa.com.co\/wp-content\/uploads\/2023\/11\/cropped-Logo-Web-2.png\",\"contentUrl\":\"https:\/\/www.gelysa.com.co\/wp-content\/uploads\/2023\/11\/cropped-Logo-Web-2.png\",\"width\":512,\"height\":512,\"caption\":\"Gelysa Ingenier\u00eda\"},\"image\":{\"@id\":\"https:\/\/www.gelysa.com.co\/#\/schema\/logo\/image\/\"},\"sameAs\":[\"https:\/\/www.linkedin.com\/company\/gelysa-ingenieria\"]}]}<\/script>\n<!-- \/ Yoast SEO plugin. -->","yoast_head_json":{"title":"Gelysa Ingenier\u00eda &#8211; Acerca de Nosotros","description":"Gelysa l\u00edder en ingenier\u00eda para Palma Africana, Metalmec\u00e1nica y Proyectos. Especializados en Estudios, Dise\u00f1o y Transformaci\u00f3n Digital.","robots":{"index":"index","follow":"follow","max-snippet":"max-snippet:-1","max-image-preview":"max-image-preview:large","max-video-preview":"max-video-preview:-1"},"canonical":"https:\/\/www.gelysa.com.co\/index.php\/gelysa-palma\/","og_locale":"es_ES","og_type":"article","og_title":"Gelysa Ingenier\u00eda &#8211; Acerca de Nosotros","og_description":"Gelysa l\u00edder en ingenier\u00eda para Palma Africana, Metalmec\u00e1nica y Proyectos. Especializados en Estudios, Dise\u00f1o y Transformaci\u00f3n Digital.","og_url":"https:\/\/www.gelysa.com.co\/index.php\/gelysa-palma\/","og_site_name":"Gelysa Ingenier\u00eda","article_modified_time":"2023-11-29T03:28:55+00:00","og_image":[{"url":"https:\/\/www.gelysa.com.co\/wp-content\/uploads\/2023\/11\/casco-palma.jpg"}],"twitter_card":"summary_large_image","twitter_misc":{"Tiempo estimado de lectura":"1 minuto"},"schema":{"@context":"https:\/\/schema.org","@graph":[{"@type":"WebPage","@id":"https:\/\/www.gelysa.com.co\/index.php\/gelysa-palma\/","url":"https:\/\/www.gelysa.com.co\/index.php\/gelysa-palma\/","name":"Gelysa Ingenier\u00eda &#8211; Acerca de Nosotros","isPartOf":{"@id":"https:\/\/www.gelysa.com.co\/#website"},"datePublished":"2021-11-21T15:14:19+00:00","dateModified":"2023-11-29T03:28:55+00:00","description":"Gelysa l\u00edder en ingenier\u00eda para Palma Africana, Metalmec\u00e1nica y Proyectos. Especializados en Estudios, Dise\u00f1o y Transformaci\u00f3n Digital.","breadcrumb":{"@id":"https:\/\/www.gelysa.com.co\/index.php\/gelysa-palma\/#breadcrumb"},"inLanguage":"es-CO","potentialAction":[{"@type":"ReadAction","target":["https:\/\/www.gelysa.com.co\/index.php\/gelysa-palma\/"]}]},{"@type":"BreadcrumbList","@id":"https:\/\/www.gelysa.com.co\/index.php\/gelysa-palma\/#breadcrumb","itemListElement":[{"@type":"ListItem","position":1,"name":"Inicio","item":"https:\/\/www.gelysa.com.co\/"},{"@type":"ListItem","position":2,"name":"Acerca"}]},{"@type":"WebSite","@id":"https:\/\/www.gelysa.com.co\/#website","url":"https:\/\/www.gelysa.com.co\/","name":"Gelysa Ingenier\u00eda","description":"Consultor\u00eda en Aceite de Palma Africana, Metalmec\u00e1nica y Proyectos","publisher":{"@id":"https:\/\/www.gelysa.com.co\/#organization"},"potentialAction":[{"@type":"SearchAction","target":{"@type":"EntryPoint","urlTemplate":"https:\/\/www.gelysa.com.co\/?s={search_term_string}"},"query-input":"required name=search_term_string"}],"inLanguage":"es-CO"},{"@type":"Organization","@id":"https:\/\/www.gelysa.com.co\/#organization","name":"Gelysa Ingenier\u00eda","url":"https:\/\/www.gelysa.com.co\/","logo":{"@type":"ImageObject","inLanguage":"es-CO","@id":"https:\/\/www.gelysa.com.co\/#\/schema\/logo\/image\/","url":"https:\/\/www.gelysa.com.co\/wp-content\/uploads\/2023\/11\/cropped-Logo-Web-2.png","contentUrl":"https:\/\/www.gelysa.com.co\/wp-content\/uploads\/2023\/11\/cropped-Logo-Web-2.png","width":512,"height":512,"caption":"Gelysa Ingenier\u00eda"},"image":{"@id":"https:\/\/www.gelysa.com.co\/#\/schema\/logo\/image\/"},"sameAs":["https:\/\/www.linkedin.com\/company\/gelysa-ingenieria"]}]}},"_links":{"self":[{"href":"https:\/\/www.gelysa.com.co\/index.php\/wp-json\/wp\/v2\/pages\/14"}],"collection":[{"href":"https:\/\/www.gelysa.com.co\/index.php\/wp-json\/wp\/v2\/pages"}],"about":[{"href":"https:\/\/www.gelysa.com.co\/index.php\/wp-json\/wp\/v2\/types\/page"}],"author":[{"embeddable":true,"href":"https:\/\/www.gelysa.com.co\/index.php\/wp-json\/wp\/v2\/users\/1"}],"replies":[{"embeddable":true,"href":"https:\/\/www.gelysa.com.co\/index.php\/wp-json\/wp\/v2\/comments?post=14"}],"version-history":[{"count":31,"href":"https:\/\/www.gelysa.com.co\/index.php\/wp-json\/wp\/v2\/pages\/14\/revisions"}],"predecessor-version":[{"id":2065,"href":"https:\/\/www.gelysa.com.co\/index.php\/wp-json\/wp\/v2\/pages\/14\/revisions\/2065"}],"wp:attachment":[{"href":"https:\/\/www.gelysa.com.co\/index.php\/wp-json\/wp\/v2\/media?parent=14"}],"curies":[{"name":"wp","href":"https:\/\/api.w.org\/{rel}","templated":true}]}}